{"id":454,"date":"2024-07-25T11:36:45","date_gmt":"2024-07-25T11:36:45","guid":{"rendered":"https:\/\/saturn.hellafast.digital\/?page_id=454"},"modified":"2024-09-02T08:13:33","modified_gmt":"2024-09-02T08:13:33","slug":"team","status":"publish","type":"page","link":"https:\/\/germanbusinesshub.com\/us\/team\/","title":{"rendered":"Our Team"},"content":{"rendered":"\t\t<div data-elementor-type=\"wp-page\" data-elementor-id=\"454\" class=\"elementor elementor-454\" data-elementor-post-type=\"page\">\n\t\t\t\t<div class=\"elementor-element elementor-element-f26ad1d e-flex e-con-boxed e-con e-parent\" data-id=\"f26ad1d\" data-element_type=\"container\" data-e-type=\"container\" data-settings=\"{&quot;background_background&quot;:&quot;classic&quot;}\">\n\t\t\t\t\t<div class=\"e-con-inner\">\n\t\t<div class=\"elementor-element elementor-element-c29495c elementor-hidden-mobile e-flex e-con-boxed e-con e-child\" data-id=\"c29495c\" data-element_type=\"container\" data-e-type=\"container\">\n\t\t\t\t\t<div class=\"e-con-inner\">\n\t\t\t\t<div class=\"elementor-element elementor-element-95386d4 elementor-widget elementor-widget-heading\" data-id=\"95386d4\" data-element_type=\"widget\" data-e-type=\"widget\" data-widget_type=\"heading.default\">\n\t\t\t\t<div class=\"elementor-widget-container\">\n\t\t\t\t\t<h2 class=\"elementor-heading-title elementor-size-default\">\"Unser Mittelstands-Inkubator hilft Ihnen beim Markteinstieg in Gro\u00dfbritannien\"<\/h2>\t\t\t\t<\/div>\n\t\t\t\t<\/div>\n\t\t\t\t<div class=\"elementor-element elementor-element-d2fd910 elementor-widget elementor-widget-heading\" data-id=\"d2fd910\" data-element_type=\"widget\" data-e-type=\"widget\" data-widget_type=\"heading.default\">\n\t\t\t\t<div class=\"elementor-widget-container\">\n\t\t\t\t\t<h2 class=\"elementor-heading-title elementor-size-default\">Alexander Altmann, German Business Hub<\/h2>\t\t\t\t<\/div>\n\t\t\t\t<\/div>\n\t\t\t\t\t<\/div>\n\t\t\t\t<\/div>\n\t\t\t\t\t<\/div>\n\t\t\t\t<\/div>\n\t\t<div class=\"elementor-element elementor-element-d998344 e-flex e-con-boxed e-con e-parent\" data-id=\"d998344\" data-element_type=\"container\" data-e-type=\"container\">\n\t\t\t\t\t<div class=\"e-con-inner\">\n\t\t\t\t<div class=\"elementor-element elementor-element-daa175f elementor-widget elementor-widget-text-editor\" data-id=\"daa175f\" data-element_type=\"widget\" data-e-type=\"widget\" data-widget_type=\"text-editor.default\">\n\t\t\t\t<div class=\"elementor-widget-container\">\n\t\t\t\t\t\t\t\t\t<p><strong>Alex Altmann<\/strong><br \/>Founder of the German Business Hub<\/p><p>The representative office is operated on behalf of the State Ministry of Baden-W\u00fcrttemberg and is the central point of contact for all questions regarding economic and scientific cooperation between Baden-W\u00fcrttemberg and the United Kingdom.<\/p><p>The changed framework conditions resulting from Brexit present us with new challenges. With our UK office, we want to send a clear sign for future bilateral cooperation and play a key role in networking and collaboration with the United Kingdom.<\/p><p><b>Contact details<\/b><\/p><p>c\/o German Business Hub London<br \/>42 Essex Street<br \/>London WC2R 3JF<br \/>United Kingdom<\/p><p>Phone DE: +49.1609.202.1659<br \/>Phone UK: +44.7738.829.754<br \/>E-mail: nicola.pinder@bw-i.de<\/p>\t\t\t\t\t\t\t\t<\/div>\n\t\t\t\t<\/div>\n\t\t\t\t\t<\/div>\n\t\t\t\t<\/div>\n\t\t<div class=\"elementor-element elementor-element-b189fa8 e-flex e-con-boxed e-con e-parent\" data-id=\"b189fa8\" data-element_type=\"container\" data-e-type=\"container\">\n\t\t\t\t\t<div class=\"e-con-inner\">\n\t\t\t\t<div class=\"elementor-element elementor-element-ada7664 elementor-widget elementor-widget-heading\" data-id=\"ada7664\" data-element_type=\"widget\" data-e-type=\"widget\" data-widget_type=\"heading.default\">\n\t\t\t\t<div class=\"elementor-widget-container\">\n\t\t\t\t\t<h2 class=\"elementor-heading-title elementor-size-default\">Articles<\/h2>\t\t\t\t<\/div>\n\t\t\t\t<\/div>\n\t\t\t\t<div class=\"elementor-element elementor-element-9bd60b0 elementor-grid-3 elementor-grid-tablet-2 elementor-grid-mobile-1 elementor-posts--thumbnail-top elementor-widget elementor-widget-posts\" data-id=\"9bd60b0\" data-element_type=\"widget\" data-e-type=\"widget\" data-settings=\"{&quot;classic_columns&quot;:&quot;3&quot;,&quot;classic_columns_tablet&quot;:&quot;2&quot;,&quot;classic_columns_mobile&quot;:&quot;1&quot;,&quot;classic_row_gap&quot;:{&quot;unit&quot;:&quot;px&quot;,&quot;size&quot;:35,&quot;sizes&quot;:[]},&quot;classic_row_gap_tablet&quot;:{&quot;unit&quot;:&quot;px&quot;,&quot;size&quot;:&quot;&quot;,&quot;sizes&quot;:[]},&quot;classic_row_gap_mobile&quot;:{&quot;unit&quot;:&quot;px&quot;,&quot;size&quot;:&quot;&quot;,&quot;sizes&quot;:[]}}\" data-widget_type=\"posts.classic\">\n\t\t\t\t<div class=\"elementor-widget-container\">\n\t\t\t\t\t\t\t<div class=\"elementor-posts-container elementor-posts elementor-posts--skin-classic elementor-grid\" role=\"list\">\n\t\t\t\t<article class=\"elementor-post elementor-grid-item post-2906 article type-article status-publish has-post-thumbnail hentry\" role=\"listitem\">\n\t\t\t\t<a class=\"elementor-post__thumbnail__link\" href=\"https:\/\/germanbusinesshub.com\/us\/article\/deutsch-britischer-wirtschaftsmonitor-februar-2025\/\" tabindex=\"-1\" >\n\t\t\t<div class=\"elementor-post__thumbnail\"><img fetchpriority=\"high\" decoding=\"async\" width=\"768\" height=\"512\" src=\"https:\/\/germanbusinesshub.com\/us\/wp-content\/uploads\/2024\/12\/AdobeStock_371641338-768x512.jpeg\" class=\"attachment-medium_large size-medium_large wp-image-2870\" alt=\"\" srcset=\"https:\/\/germanbusinesshub.com\/us\/wp-content\/uploads\/2024\/12\/AdobeStock_371641338-768x512.jpeg 768w, https:\/\/germanbusinesshub.com\/us\/wp-content\/uploads\/2024\/12\/AdobeStock_371641338-300x200.jpeg 300w, https:\/\/germanbusinesshub.com\/us\/wp-content\/uploads\/2024\/12\/AdobeStock_371641338-1024x683.jpeg 1024w, https:\/\/germanbusinesshub.com\/us\/wp-content\/uploads\/2024\/12\/AdobeStock_371641338-1536x1024.jpeg 1536w, https:\/\/germanbusinesshub.com\/us\/wp-content\/uploads\/2024\/12\/AdobeStock_371641338-2048x1365.jpeg 2048w\" sizes=\"(max-width: 768px) 100vw, 768px\" \/><\/div>\n\t\t<\/a>\n\t\t\t\t<div class=\"elementor-post__text\">\n\t\t\t\t<h4 class=\"elementor-post__title\">\n\t\t\t<a href=\"https:\/\/germanbusinesshub.com\/us\/article\/deutsch-britischer-wirtschaftsmonitor-februar-2025\/\" >\n\t\t\t\tDeutsch-Britischer Wirtschaftsmonitor Februar 2025\t\t\t<\/a>\n\t\t<\/h4>\n\t\t\t\t<div class=\"elementor-post__excerpt\">\n\t\t\t<p>Wirtschaftsausblick 2025: Deutschland und Gro\u00dfbritannien im Vergleich Die wirtschaftlichen Aussichten f\u00fcr 2025 in Deutschland und Gro\u00dfbritannien werden ma\u00dfgeblich von globalen Entwicklungen, innenpolitischen Entscheidungen und wirtschaftlichen Rahmenbedingungen beeinflusst. W\u00e4hrend sich<\/p>\n\t\t<\/div>\n\t\t\n\t\t<a class=\"elementor-post__read-more\" href=\"https:\/\/germanbusinesshub.com\/us\/article\/deutsch-britischer-wirtschaftsmonitor-februar-2025\/\" aria-label=\"Read more about Deutsch-Britischer Wirtschaftsmonitor Februar 2025\" tabindex=\"-1\" >\n\t\t\tLearn more \t\t<\/a>\n\n\t\t\t\t<\/div>\n\t\t\t\t<\/article>\n\t\t\t\t<article class=\"elementor-post elementor-grid-item post-2897 article type-article status-publish has-post-thumbnail hentry\" role=\"listitem\">\n\t\t\t\t<a class=\"elementor-post__thumbnail__link\" href=\"https:\/\/germanbusinesshub.com\/us\/article\/deutsch-britischer-wirtschaftsmonitor-januar-2025\/\" tabindex=\"-1\" >\n\t\t\t<div class=\"elementor-post__thumbnail\"><img decoding=\"async\" width=\"768\" height=\"512\" src=\"https:\/\/germanbusinesshub.com\/us\/wp-content\/uploads\/2024\/12\/AdobeStock_329693781-768x512.jpeg\" class=\"attachment-medium_large size-medium_large wp-image-2869\" alt=\"\" srcset=\"https:\/\/germanbusinesshub.com\/us\/wp-content\/uploads\/2024\/12\/AdobeStock_329693781-768x512.jpeg 768w, https:\/\/germanbusinesshub.com\/us\/wp-content\/uploads\/2024\/12\/AdobeStock_329693781-300x200.jpeg 300w, https:\/\/germanbusinesshub.com\/us\/wp-content\/uploads\/2024\/12\/AdobeStock_329693781-1024x683.jpeg 1024w, https:\/\/germanbusinesshub.com\/us\/wp-content\/uploads\/2024\/12\/AdobeStock_329693781-1536x1024.jpeg 1536w, https:\/\/germanbusinesshub.com\/us\/wp-content\/uploads\/2024\/12\/AdobeStock_329693781-2048x1365.jpeg 2048w\" sizes=\"(max-width: 768px) 100vw, 768px\" \/><\/div>\n\t\t<\/a>\n\t\t\t\t<div class=\"elementor-post__text\">\n\t\t\t\t<h4 class=\"elementor-post__title\">\n\t\t\t<a href=\"https:\/\/germanbusinesshub.com\/us\/article\/deutsch-britischer-wirtschaftsmonitor-januar-2025\/\" >\n\t\t\t\tDeutsch-Britischer Wirtschaftsmonitor Januar 2025\t\t\t<\/a>\n\t\t<\/h4>\n\t\t\t\t<div class=\"elementor-post__excerpt\">\n\t\t\t<p>Britische Wirtschaft geht leicht optimistisch ins neue Jahr Seit Juni 2024 zeigt die Britische Wirtschaft nur wenig Belebung. Britischen Unternehmen zeichnen seit der Verk\u00fcndung des Haushaltsplans im Oktober 2024<\/p>\n\t\t<\/div>\n\t\t\n\t\t<a class=\"elementor-post__read-more\" href=\"https:\/\/germanbusinesshub.com\/us\/article\/deutsch-britischer-wirtschaftsmonitor-januar-2025\/\" aria-label=\"Read more about Deutsch-Britischer Wirtschaftsmonitor Januar 2025\" tabindex=\"-1\" >\n\t\t\tLearn more \t\t<\/a>\n\n\t\t\t\t<\/div>\n\t\t\t\t<\/article>\n\t\t\t\t<article class=\"elementor-post elementor-grid-item post-2867 article type-article status-publish has-post-thumbnail hentry\" role=\"listitem\">\n\t\t\t\t<a class=\"elementor-post__thumbnail__link\" href=\"https:\/\/germanbusinesshub.com\/us\/article\/deutsch-britischer-wirtschaftsmonitor-dezember-2024\/\" tabindex=\"-1\" >\n\t\t\t<div class=\"elementor-post__thumbnail\"><img decoding=\"async\" width=\"768\" height=\"406\" src=\"https:\/\/germanbusinesshub.com\/us\/wp-content\/uploads\/2024\/12\/AdobeStock_251363721-768x406.jpeg\" class=\"attachment-medium_large size-medium_large wp-image-2868\" alt=\"\" srcset=\"https:\/\/germanbusinesshub.com\/us\/wp-content\/uploads\/2024\/12\/AdobeStock_251363721-768x406.jpeg 768w, https:\/\/germanbusinesshub.com\/us\/wp-content\/uploads\/2024\/12\/AdobeStock_251363721-300x159.jpeg 300w, https:\/\/germanbusinesshub.com\/us\/wp-content\/uploads\/2024\/12\/AdobeStock_251363721-1024x541.jpeg 1024w, https:\/\/germanbusinesshub.com\/us\/wp-content\/uploads\/2024\/12\/AdobeStock_251363721-1536x812.jpeg 1536w, https:\/\/germanbusinesshub.com\/us\/wp-content\/uploads\/2024\/12\/AdobeStock_251363721-2048x1082.jpeg 2048w\" sizes=\"(max-width: 768px) 100vw, 768px\" \/><\/div>\n\t\t<\/a>\n\t\t\t\t<div class=\"elementor-post__text\">\n\t\t\t\t<h4 class=\"elementor-post__title\">\n\t\t\t<a href=\"https:\/\/germanbusinesshub.com\/us\/article\/deutsch-britischer-wirtschaftsmonitor-dezember-2024\/\" >\n\t\t\t\tDeutsch-Britischer Wirtschaftsmonitor Dezember 2024\t\t\t<\/a>\n\t\t<\/h4>\n\t\t\t\t<div class=\"elementor-post__excerpt\">\n\t\t\t<p>Britische Wirtschaft w\u00e4chst weiter Die britische Wirtschaftsleistung (BIP) liegt um \u00fcber 2 Prozent h\u00f6her als Ende 2019, dem letzten Quartal vor Ausbruch der Corona-Pandemie. Und das Wachstum wird sich<\/p>\n\t\t<\/div>\n\t\t\n\t\t<a class=\"elementor-post__read-more\" href=\"https:\/\/germanbusinesshub.com\/us\/article\/deutsch-britischer-wirtschaftsmonitor-dezember-2024\/\" aria-label=\"Read more about Deutsch-Britischer Wirtschaftsmonitor Dezember 2024\" tabindex=\"-1\" >\n\t\t\tLearn more \t\t<\/a>\n\n\t\t\t\t<\/div>\n\t\t\t\t<\/article>\n\t\t\t\t<\/div>\n\t\t\n\t\t\t\t\t\t<\/div>\n\t\t\t\t<\/div>\n\t\t\t\t\t<\/div>\n\t\t\t\t<\/div>\n\t\t\t\t<\/div>\n\t\t","protected":false},"excerpt":{"rendered":"<p>&#8220;Unser Mittelstands-Inkubator hilft Ihnen beim Markteinstieg in Gro\u00dfbritannien&#8221; Alexander Altmann, German Business Hub Alex AltmannFounder of the German Business Hub The representative office is operated on behalf of the State Ministry of Baden-W\u00fcrttemberg and is the central point of contact for all questions regarding economic and scientific cooperation between Baden-W\u00fcrttemberg and the United Kingdom. The [&hellip;]<\/p>\n","protected":false},"author":1,"featured_media":0,"parent":0,"menu_order":0,"comment_status":"closed","ping_status":"closed","template":"","meta":{"_acf_changed":false,"footnotes":""},"class_list":["post-454","page","type-page","status-publish","hentry"],"acf":[],"lang":"de","translations":{"de":454,"en":955},"pll_sync_post":[],"_links":{"self":[{"href":"https:\/\/germanbusinesshub.com\/us\/wp-json\/wp\/v2\/pages\/454","targetHints":{"allow":["GET"]}}],"collection":[{"href":"https:\/\/germanbusinesshub.com\/us\/wp-json\/wp\/v2\/pages"}],"about":[{"href":"https:\/\/germanbusinesshub.com\/us\/wp-json\/wp\/v2\/types\/page"}],"author":[{"embeddable":true,"href":"https:\/\/germanbusinesshub.com\/us\/wp-json\/wp\/v2\/users\/1"}],"replies":[{"embeddable":true,"href":"https:\/\/germanbusinesshub.com\/us\/wp-json\/wp\/v2\/comments?post=454"}],"version-history":[{"count":9,"href":"https:\/\/germanbusinesshub.com\/us\/wp-json\/wp\/v2\/pages\/454\/revisions"}],"predecessor-version":[{"id":1683,"href":"https:\/\/germanbusinesshub.com\/us\/wp-json\/wp\/v2\/pages\/454\/revisions\/1683"}],"wp:attachment":[{"href":"https:\/\/germanbusinesshub.com\/us\/wp-json\/wp\/v2\/media?parent=454"}],"curies":[{"name":"wp","href":"https:\/\/api.w.org\/{rel}","templated":true}]}}