{"id":452,"date":"2024-07-25T11:36:32","date_gmt":"2024-07-25T11:36:32","guid":{"rendered":"https:\/\/saturn.hellafast.digital\/?page_id=452"},"modified":"2024-11-20T11:14:27","modified_gmt":"2024-11-20T11:14:27","slug":"hub","status":"publish","type":"page","link":"https:\/\/germanbusinesshub.com\/us\/hub\/","title":{"rendered":"Der Hub"},"content":{"rendered":"\t\t<div data-elementor-type=\"wp-page\" data-elementor-id=\"452\" class=\"elementor elementor-452\" data-elementor-post-type=\"page\">\n\t\t\t\t<div class=\"elementor-element elementor-element-9814fe9 e-flex e-con-boxed e-con e-parent\" data-id=\"9814fe9\" data-element_type=\"container\" data-e-type=\"container\">\n\t\t\t\t\t<div class=\"e-con-inner\">\n\t\t\t\t<div class=\"elementor-element elementor-element-6b460fa elementor-widget elementor-widget-heading\" data-id=\"6b460fa\" data-element_type=\"widget\" data-e-type=\"widget\" data-widget_type=\"heading.default\">\n\t\t\t\t<div class=\"elementor-widget-container\">\n\t\t\t\t\t<h2 class=\"elementor-heading-title elementor-size-default\">Der Hub<\/h2>\t\t\t\t<\/div>\n\t\t\t\t<\/div>\n\t\t\t\t<div class=\"elementor-element elementor-element-b283e61 elementor-widget elementor-widget-text-editor\" data-id=\"b283e61\" data-element_type=\"widget\" data-e-type=\"widget\" data-widget_type=\"text-editor.default\">\n\t\t\t\t<div class=\"elementor-widget-container\">\n\t\t\t\t\t\t\t\t\t<p class=\"p1\">Der German Business Hub befindet sich im historischen Temple-Quartier im Londoner Stadtteil Westminster.<span class=\"Apple-converted-space\">\u00a0 <\/span>Die Essex Street ist komfortabel mit der Londoner U-Bahn (\u201eTube\u201c) \u00fcber die Station Temple zu erreichen.\u00a0<\/p><p class=\"p1\">Angrenzend zum German Business Hub befinden sich zahlreiche Pubs, Sandwich Bars und Restaurants. Historische Sehensw\u00fcrdigkeiten, wie der Royal Courts of Justice, der Campus der London School of Economics oder die beliebte Einkaufsgegend Covent Garden sind nur wenige Gehminuten entfernt.<\/p><p class=\"p1\">Im German Business Hub erwartet Sie ein professionelles Team, das Ihnen rund um die Uhr mit Markterschlie\u00dfungsl\u00f6sungen, B\u00fcro- und Meetingfl\u00e4chen sowie bei diversen Veranstaltungen behilflich ist.<\/p>\t\t\t\t\t\t\t\t<\/div>\n\t\t\t\t<\/div>\n\t\t\t\t<div class=\"elementor-element elementor-element-efba945 elementor-widget elementor-widget-google_maps\" data-id=\"efba945\" data-element_type=\"widget\" data-e-type=\"widget\" data-widget_type=\"google_maps.default\">\n\t\t\t\t<div class=\"elementor-widget-container\">\n\t\t\t\t\t\t\t<div class=\"elementor-custom-embed\">\n\t\t\t<iframe loading=\"lazy\"\n\t\t\t\t\tsrc=\"https:\/\/maps.google.com\/maps?q=German%20Business%20Hub&#038;t=m&#038;z=16&#038;output=embed&#038;iwloc=near\"\n\t\t\t\t\ttitle=\"German Business Hub\"\n\t\t\t\t\taria-label=\"German Business Hub\"\n\t\t\t><\/iframe>\n\t\t<\/div>\n\t\t\t\t\t\t<\/div>\n\t\t\t\t<\/div>\n\t\t\t\t\t<\/div>\n\t\t\t\t<\/div>\n\t\t\t\t<\/div>\n\t\t","protected":false},"excerpt":{"rendered":"<p>Der German Business Hub befindet sich im historischen Temple-Quartier im Londoner Stadtteil Westminster.\u00a0 Die Essex Street ist komfortabel mit der Londoner U-Bahn (\u201eTube\u201c) \u00fcber die Station Temple zu erreichen.\u00a0 Angrenzend zum German Business Hub befinden sich zahlreiche Pubs, Sandwich Bars und Restaurants. Historische Sehensw\u00fcrdigkeiten, wie der Royal Courts of Justice, der Campus der London School [&hellip;]<\/p>\n","protected":false},"author":1,"featured_media":0,"parent":0,"menu_order":0,"comment_status":"closed","ping_status":"closed","template":"","meta":{"_acf_changed":false,"footnotes":""},"class_list":["post-452","page","type-page","status-publish","hentry"],"acf":[],"lang":"de","translations":{"de":452,"en":952},"pll_sync_post":[],"_links":{"self":[{"href":"https:\/\/germanbusinesshub.com\/us\/wp-json\/wp\/v2\/pages\/452","targetHints":{"allow":["GET"]}}],"collection":[{"href":"https:\/\/germanbusinesshub.com\/us\/wp-json\/wp\/v2\/pages"}],"about":[{"href":"https:\/\/germanbusinesshub.com\/us\/wp-json\/wp\/v2\/types\/page"}],"author":[{"embeddable":true,"href":"https:\/\/germanbusinesshub.com\/us\/wp-json\/wp\/v2\/users\/1"}],"replies":[{"embeddable":true,"href":"https:\/\/germanbusinesshub.com\/us\/wp-json\/wp\/v2\/comments?post=452"}],"version-history":[{"count":19,"href":"https:\/\/germanbusinesshub.com\/us\/wp-json\/wp\/v2\/pages\/452\/revisions"}],"predecessor-version":[{"id":2859,"href":"https:\/\/germanbusinesshub.com\/us\/wp-json\/wp\/v2\/pages\/452\/revisions\/2859"}],"wp:attachment":[{"href":"https:\/\/germanbusinesshub.com\/us\/wp-json\/wp\/v2\/media?parent=452"}],"curies":[{"name":"wp","href":"https:\/\/api.w.org\/{rel}","templated":true}]}}