{"id":12,"date":"2024-06-07T08:37:40","date_gmt":"2024-06-07T08:37:40","guid":{"rendered":"https:\/\/saturn.hellafast.digital\/?page_id=12"},"modified":"2026-02-24T09:03:51","modified_gmt":"2026-02-24T09:03:51","slug":"who-we-are","status":"publish","type":"page","link":"https:\/\/germanbusinesshub.com\/us\/who-we-are\/","title":{"rendered":"WHO WE ARE"},"content":{"rendered":"\t\t<div data-elementor-type=\"wp-page\" data-elementor-id=\"12\" class=\"elementor elementor-12\" data-elementor-post-type=\"page\">\n\t\t\t\t<div class=\"elementor-element elementor-element-ef41cb9 e-flex e-con-boxed e-con e-parent\" data-id=\"ef41cb9\" data-element_type=\"container\" data-e-type=\"container\">\n\t\t\t\t\t<div class=\"e-con-inner\">\n\t\t\t\t<div class=\"elementor-element elementor-element-d3458ab elementor-widget elementor-widget-heading\" data-id=\"d3458ab\" data-element_type=\"widget\" data-e-type=\"widget\" data-widget_type=\"heading.default\">\n\t\t\t\t<div class=\"elementor-widget-container\">\n\t\t\t\t\t<h2 class=\"elementor-heading-title elementor-size-default\">Wer wir sind<\/h2>\t\t\t\t<\/div>\n\t\t\t\t<\/div>\n\t\t\t\t<div class=\"elementor-element elementor-element-d15b4fd elementor-widget elementor-widget-text-editor\" data-id=\"d15b4fd\" data-element_type=\"widget\" data-e-type=\"widget\" data-widget_type=\"text-editor.default\">\n\t\t\t\t<div class=\"elementor-widget-container\">\n\t\t\t\t\t\t\t\t\t<p>Willkommen beim German Business Hub!&nbsp;<\/p>\n<p>Wir sind ein dynamischer Mittelstands-Inkubator mit Sitz in London, der sich auf die Unterst\u00fctzung kleiner und mittlerer Unternehmen (KMU) beim Markteintritt und Wachstum in Gro\u00dfbritannien spezialisiert.<\/p>\n<p>Mit einem tiefen Verst\u00e4ndnis f\u00fcr das Gesch\u00e4ftsumfeld sowohl in Deutschland als auch im Vereinigten K\u00f6nigreich ist es unsere Mission, die L\u00fccke zwischen diesen beiden dynamischen Volkswirtschaften zu \u00fcberbr\u00fccken. Wir bieten ma\u00dfgeschneiderte Unterst\u00fctzung, um deutschen KMUs zu helfen, die Komplexit\u00e4t des britischen Marktes zu meistern \u2013 von der Verst\u00e4ndigung der rechtlichen Anforderungen bis hin zur Sicherstellung von Finanzierungen und dem Aufbau wertvoller Verbindungen. <\/p>\n<p>Unsere Inkubator-Partner bieten eine Reihe von Dienstleistungen an, die darauf ausgelegt sind, das Wachstum zu beschleunigen und Ihre Markteintrittsstrategie zu optimieren, darunter:<\/p>\n<p>&#8211; Recht<br>\n&#8211; Zoll<br>\n&#8211; Steuern<br>\n&#8211; HR<br>\n&#8211; Corporate Finance<br>\n&#8211; UKCA-Compliance<br>\n&#8211; Politische Beratung<br>\n&#8211; Markteintrittsberatung<\/p>\n<p>Wir vom German Business Hub sind \u00fcberzeugt, dass Ihr Erfolg auch unser Erfolg ist. Wir engagieren uns daf\u00fcr, Innovation und Wachstum f\u00fcr deutsche KMUs zu f\u00f6rdern, die ihre Horizonte im Vereinigten K\u00f6nigreich erweitern m\u00f6chten. Gemeinsam k\u00f6nnen wir neue M\u00f6glichkeiten erschlie\u00dfen und Ihr Gesch\u00e4ft vorantreiben.<\/p>\n<p>Begleiten Sie uns auf diesem spannenden Weg, und lassen Sie uns Ihren Eintritt in den britischen Markt zu einem erfolgreichen und reibungslosen Erlebnis machen!<\/p>\n<p>F\u00fcr weitere Informationen oder um loszulegen, kontaktieren Sie uns bitte unter london@germanbusinesshub.com<\/p>\t\t\t\t\t\t\t\t<\/div>\n\t\t\t\t<\/div>\n\t\t\t\t\t<\/div>\n\t\t\t\t<\/div>\n\t\t\t\t<\/div>\n\t\t","protected":false},"excerpt":{"rendered":"<p>Wer wir sind Willkommen beim German Business Hub!&nbsp; Wir sind ein dynamischer Mittelstands-Inkubator mit Sitz in London, der sich auf die Unterst\u00fctzung kleiner und mittlerer Unternehmen (KMU) beim Markteintritt und Wachstum in Gro\u00dfbritannien spezialisiert. Mit einem tiefen Verst\u00e4ndnis f\u00fcr das Gesch\u00e4ftsumfeld sowohl in Deutschland als auch im Vereinigten K\u00f6nigreich ist es unsere Mission, die L\u00fccke [&hellip;]<\/p>\n","protected":false},"author":1,"featured_media":0,"parent":0,"menu_order":0,"comment_status":"closed","ping_status":"closed","template":"","meta":{"_acf_changed":false,"footnotes":""},"class_list":["post-12","page","type-page","status-publish","hentry"],"acf":[],"lang":"de","translations":{"de":12,"en":948},"pll_sync_post":[],"_links":{"self":[{"href":"https:\/\/germanbusinesshub.com\/us\/wp-json\/wp\/v2\/pages\/12","targetHints":{"allow":["GET"]}}],"collection":[{"href":"https:\/\/germanbusinesshub.com\/us\/wp-json\/wp\/v2\/pages"}],"about":[{"href":"https:\/\/germanbusinesshub.com\/us\/wp-json\/wp\/v2\/types\/page"}],"author":[{"embeddable":true,"href":"https:\/\/germanbusinesshub.com\/us\/wp-json\/wp\/v2\/users\/1"}],"replies":[{"embeddable":true,"href":"https:\/\/germanbusinesshub.com\/us\/wp-json\/wp\/v2\/comments?post=12"}],"version-history":[{"count":22,"href":"https:\/\/germanbusinesshub.com\/us\/wp-json\/wp\/v2\/pages\/12\/revisions"}],"predecessor-version":[{"id":3122,"href":"https:\/\/germanbusinesshub.com\/us\/wp-json\/wp\/v2\/pages\/12\/revisions\/3122"}],"wp:attachment":[{"href":"https:\/\/germanbusinesshub.com\/us\/wp-json\/wp\/v2\/media?parent=12"}],"curies":[{"name":"wp","href":"https:\/\/api.w.org\/{rel}","templated":true}]}}